{"id":38,"date":"2025-02-07T09:24:06","date_gmt":"2025-02-07T09:24:06","guid":{"rendered":"https:\/\/enlightennext.de\/coordonnees\/"},"modified":"2025-02-07T09:24:06","modified_gmt":"2025-02-07T09:24:06","slug":"coordonnees","status":"publish","type":"page","link":"https:\/\/enlightennext.de\/ro\/coordonnees\/","title":{"rendered":"Date de contact"},"content":{"rendered":"<h2>Suntem bucuro\u0219i s\u0103 v\u0103 ajut\u0103m<\/h2>\n<p>Ave\u021bi \u00eentreb\u0103ri despre produsele noastre, articolele noastre sau dori\u021bi s\u0103 ne \u00eemp\u0103rt\u0103\u0219i\u021bi sugestiile dumneavoastr\u0103? Suntem aici s\u0103 te ascult\u0103m \u0219i s\u0103 te ajut\u0103m. Contacta\u021bi echipa noastr\u0103 pentru orice solicit\u0103ri de informa\u021bii suplimentare.<\/p>\n<h2>Formular de contact<\/h2>\n<p>Dac\u0103 ave\u021bi o \u00eentrebare, un comentariu sau o sugestie, v\u0103 rug\u0103m s\u0103 completa\u021bi formularul de mai jos. V\u0103 vom contacta c\u00e2t mai cur\u00e2nd posibil.<\/p>\n<form action=\"\/ro\/submit_form.php\/\" method=\"POST\" data-trp-original-action=\"submit_form.php\">\n      <label for=\"name\">Nume:<\/label><br \/>\n      <input type=\"text\" id=\"name\" name=\"name\" required><\/p>\n<p>      <label for=\"email\">E-mail:<\/label><br \/>\n      <input type=\"email\" id=\"email\" name=\"email\" required><\/p>\n<p>      <label for=\"message\">Mesaj:<\/label><br \/>\n      <textarea id=\"message\" name=\"message\" rows=\"4\" required><\/textarea><\/p>\n<p>      <button type=\"submit\">Trimite<\/button><br \/>\n    <input type=\"hidden\" name=\"trp-form-language\" value=\"ro\"\/><\/form>\n<p>V\u0103 mul\u021bumim c\u0103 ne-a\u021bi contactat. Vom procesa mesajul dumneavoastr\u0103 c\u00e2t mai cur\u00e2nd posibil.<\/p>","protected":false},"excerpt":{"rendered":"<p>Nous Sommes Heureux de Vous Aider Vous avez des questions sur nos produits, nos articles ou souhaitez partager vos suggestions avec nous ? Nous&#46;&#46;&#46;<\/p>","protected":false},"author":1,"featured_media":0,"parent":0,"menu_order":0,"comment_status":"closed","ping_status":"closed","template":"","meta":{"_acf_changed":false,"footnotes":""},"class_list":["post-38","page","type-page","status-publish","hentry"],"acf":[],"yoast_head":"<!-- This site is optimized with the Yoast SEO plugin v23.2 - https:\/\/yoast.com\/wordpress\/plugins\/seo\/ -->\n<title>Coordonn\u00e9es - enlightennext.de<\/title>\n<meta name=\"description\" content=\"Contactez Enlighten Next pour toutes vos questions ou suggestions sur nos articles et produits de mode. Nous vous r\u00e9pondrons rapidement.\" \/>\n<meta name=\"robots\" content=\"index, follow, max-snippet:-1, max-image-preview:large, max-video-preview:-1\" \/>\n<link rel=\"canonical\" href=\"https:\/\/enlightennext.de\/ro\/coordonnees\/\" \/>\n<meta property=\"og:locale\" content=\"ro_RO\" \/>\n<meta property=\"og:type\" content=\"article\" \/>\n<meta property=\"og:title\" content=\"Coordonn\u00e9es - enlightennext.de\" \/>\n<meta property=\"og:description\" content=\"Contactez Enlighten Next pour toutes vos questions ou suggestions sur nos articles et produits de mode. Nous vous r\u00e9pondrons rapidement.\" \/>\n<meta property=\"og:url\" content=\"https:\/\/enlightennext.de\/ro\/coordonnees\/\" \/>\n<meta property=\"og:site_name\" content=\"enlightennext.de\" \/>\n<meta name=\"twitter:card\" content=\"summary_large_image\" \/>\n<script type=\"application\/ld+json\" class=\"yoast-schema-graph\">{\"@context\":\"https:\/\/schema.org\",\"@graph\":[{\"@type\":\"WebPage\",\"@id\":\"https:\/\/enlightennext.de\/coordonnees\/\",\"url\":\"https:\/\/enlightennext.de\/coordonnees\/\",\"name\":\"Coordonn\u00e9es - enlightennext.de\",\"isPartOf\":{\"@id\":\"https:\/\/enlightennext.de\/#website\"},\"datePublished\":\"2025-02-07T09:24:06+00:00\",\"dateModified\":\"2025-02-07T09:24:06+00:00\",\"description\":\"Contactez Enlighten Next pour toutes vos questions ou suggestions sur nos articles et produits de mode. Nous vous r\u00e9pondrons rapidement.\",\"breadcrumb\":{\"@id\":\"https:\/\/enlightennext.de\/coordonnees\/#breadcrumb\"},\"inLanguage\":\"ro-RO\",\"potentialAction\":[{\"@type\":\"ReadAction\",\"target\":[\"https:\/\/enlightennext.de\/coordonnees\/\"]}]},{\"@type\":\"BreadcrumbList\",\"@id\":\"https:\/\/enlightennext.de\/coordonnees\/#breadcrumb\",\"itemListElement\":[{\"@type\":\"ListItem\",\"position\":1,\"name\":\"Home\",\"item\":\"https:\/\/enlightennext.de\/\"},{\"@type\":\"ListItem\",\"position\":2,\"name\":\"Coordonn\u00e9es\"}]},{\"@type\":\"WebSite\",\"@id\":\"https:\/\/enlightennext.de\/#website\",\"url\":\"https:\/\/enlightennext.de\/\",\"name\":\"enlightennext.de\",\"description\":\"Secrets de Style: D\u00e9couvrez comment cr\u00e9er des tenues harmonieuses et modernes\",\"potentialAction\":[{\"@type\":\"SearchAction\",\"target\":{\"@type\":\"EntryPoint\",\"urlTemplate\":\"https:\/\/enlightennext.de\/?s={search_term_string}\"},\"query-input\":\"required name=search_term_string\"}],\"inLanguage\":\"ro-RO\"}]}<\/script>\n<!-- \/ Yoast SEO plugin. -->","yoast_head_json":{"title":"Coordonn\u00e9es - enlightennext.de","description":"Contactez Enlighten Next pour toutes vos questions ou suggestions sur nos articles et produits de mode. Nous vous r\u00e9pondrons rapidement.","robots":{"index":"index","follow":"follow","max-snippet":"max-snippet:-1","max-image-preview":"max-image-preview:large","max-video-preview":"max-video-preview:-1"},"canonical":"https:\/\/enlightennext.de\/ro\/coordonnees\/","og_locale":"ro_RO","og_type":"article","og_title":"Coordonn\u00e9es - enlightennext.de","og_description":"Contactez Enlighten Next pour toutes vos questions ou suggestions sur nos articles et produits de mode. Nous vous r\u00e9pondrons rapidement.","og_url":"https:\/\/enlightennext.de\/ro\/coordonnees\/","og_site_name":"enlightennext.de","twitter_card":"summary_large_image","schema":{"@context":"https:\/\/schema.org","@graph":[{"@type":"WebPage","@id":"https:\/\/enlightennext.de\/coordonnees\/","url":"https:\/\/enlightennext.de\/coordonnees\/","name":"Coordonn\u00e9es - enlightennext.de","isPartOf":{"@id":"https:\/\/enlightennext.de\/#website"},"datePublished":"2025-02-07T09:24:06+00:00","dateModified":"2025-02-07T09:24:06+00:00","description":"Contactez Enlighten Next pour toutes vos questions ou suggestions sur nos articles et produits de mode. Nous vous r\u00e9pondrons rapidement.","breadcrumb":{"@id":"https:\/\/enlightennext.de\/coordonnees\/#breadcrumb"},"inLanguage":"ro-RO","potentialAction":[{"@type":"ReadAction","target":["https:\/\/enlightennext.de\/coordonnees\/"]}]},{"@type":"BreadcrumbList","@id":"https:\/\/enlightennext.de\/coordonnees\/#breadcrumb","itemListElement":[{"@type":"ListItem","position":1,"name":"Home","item":"https:\/\/enlightennext.de\/"},{"@type":"ListItem","position":2,"name":"Coordonn\u00e9es"}]},{"@type":"WebSite","@id":"https:\/\/enlightennext.de\/#website","url":"https:\/\/enlightennext.de\/","name":"enlightennext.de","description":"Secrets de Style: D\u00e9couvrez comment cr\u00e9er des tenues harmonieuses et modernes","potentialAction":[{"@type":"SearchAction","target":{"@type":"EntryPoint","urlTemplate":"https:\/\/enlightennext.de\/?s={search_term_string}"},"query-input":"required name=search_term_string"}],"inLanguage":"ro-RO"}]}},"yoast_meta":{"yoast_wpseo_title":"","yoast_wpseo_metadesc":"","yoast_wpseo_canonical":"https:\/\/enlightennext.de\/ro\/wp-json\/wp\/v2\/pages\/38"},"_links":{"self":[{"href":"https:\/\/enlightennext.de\/ro\/wp-json\/wp\/v2\/pages\/38","targetHints":{"allow":["GET"]}}],"collection":[{"href":"https:\/\/enlightennext.de\/ro\/wp-json\/wp\/v2\/pages"}],"about":[{"href":"https:\/\/enlightennext.de\/ro\/wp-json\/wp\/v2\/types\/page"}],"author":[{"embeddable":true,"href":"https:\/\/enlightennext.de\/ro\/wp-json\/wp\/v2\/users\/1"}],"replies":[{"embeddable":true,"href":"https:\/\/enlightennext.de\/ro\/wp-json\/wp\/v2\/comments?post=38"}],"version-history":[{"count":0,"href":"https:\/\/enlightennext.de\/ro\/wp-json\/wp\/v2\/pages\/38\/revisions"}],"wp:attachment":[{"href":"https:\/\/enlightennext.de\/ro\/wp-json\/wp\/v2\/media?parent=38"}],"curies":[{"name":"wp","href":"https:\/\/api.w.org\/{rel}","templated":true}]}}