{"id":37,"date":"2025-02-07T09:23:04","date_gmt":"2025-02-07T09:23:04","guid":{"rendered":"https:\/\/enlightennext.de\/a-propos-de-nous\/"},"modified":"2025-02-07T14:19:53","modified_gmt":"2025-02-07T14:19:53","slug":"a-propos-de-nous","status":"publish","type":"page","link":"https:\/\/enlightennext.de\/ro\/a-propos-de-nous\/","title":{"rendered":"Despre noi"},"content":{"rendered":"<h2>Stil reinventat, \u00een fiecare zi<\/h2>\n<p>EnlightenNext este un blog de mod\u0103 unde oferim articole \u0219i sfaturi inspira\u021bionale care s\u0103 te ajute s\u0103-\u021bi g\u0103se\u0219ti propriul stil unic. Fiecare articol este conceput pentru a te ghida prin tendin\u021bele actuale \u0219i pentru a-\u021bi permite s\u0103-\u021bi redefine\u0219ti stilul, c\u00e2te o pies\u0103 vestimentar\u0103 pe r\u00e2nd.<\/p>\n<p><img loading=\"lazy\" decoding=\"async\" class=\"aligncenter wp-image-36 size-full\" src=\"https:\/\/enlightennext.de\/wp-content\/uploads\/2025\/02\/stylish-beautiful-girl-in-fashionable-outerwear-stands-near-the-wall.jpg\" alt=\"\" width=\"612\" height=\"408\" srcset=\"https:\/\/enlightennext.de\/wp-content\/uploads\/2025\/02\/stylish-beautiful-girl-in-fashionable-outerwear-stands-near-the-wall.jpg 612w, https:\/\/enlightennext.de\/wp-content\/uploads\/2025\/02\/stylish-beautiful-girl-in-fashionable-outerwear-stands-near-the-wall-300x200.jpg 300w, https:\/\/enlightennext.de\/wp-content\/uploads\/2025\/02\/stylish-beautiful-girl-in-fashionable-outerwear-stands-near-the-wall-600x400.jpg 600w\" sizes=\"auto, (max-width: 612px) 100vw, 612px\" \/><\/p>\n<h2>Motive pentru a ne urm\u0103ri<\/h2>\n<ul>\n<li>Analiz\u0103 aprofundat\u0103 a tendin\u021belor \u00een materie de \u00eembr\u0103c\u0103minte.<\/li>\n<li>Sfaturi practice pentru toate tipurile de look-uri.<\/li>\n<li>Inspira\u021bie pentru toate anotimpurile \u0219i ocaziile.<\/li>\n<li>Concentra\u021bi-v\u0103 pe designeri \u0219i branduri avangardiste.<\/li>\n<li>Explor\u00e2nd evolu\u021bia modei \u0219i a \u00eembr\u0103c\u0103mintei.<\/li>\n<\/ul>\n<h2>Exprim\u0103-te prin garderoba ta<\/h2>\n<p>EnlightenNext nu este doar un blog; Este un adev\u0103rat ghid de mod\u0103 pentru cei care doresc s\u0103-\u0219i exprime personalitatea prin \u021binutele lor. Te invit\u0103m s\u0103 explorezi o lume \u00een care fiecare articol, fiecare tendin\u021b\u0103 \u0219i fiecare sfat \u00ee\u0219i propun s\u0103-\u021bi \u00eembun\u0103t\u0103\u021beasc\u0103 stilul.<\/p>","protected":false},"excerpt":{"rendered":"<p>Le style r\u00e9invent\u00e9, chaque jour EnlightenNext est un blog consacr\u00e9 \u00e0 l\u2019univers de la mode, o\u00f9 nous vous offrons des articles inspirants et des&#46;&#46;&#46;<\/p>","protected":false},"author":1,"featured_media":0,"parent":0,"menu_order":0,"comment_status":"closed","ping_status":"closed","template":"","meta":{"_acf_changed":false,"footnotes":""},"class_list":["post-37","page","type-page","status-publish","hentry"],"acf":[],"yoast_head":"<!-- This site is optimized with the Yoast SEO plugin v23.2 - https:\/\/yoast.com\/wordpress\/plugins\/seo\/ -->\n<title>\u00c0 propos de nous - enlightennext.de<\/title>\n<meta name=\"description\" content=\"EnlightenNext est un blog d\u00e9di\u00e9 \u00e0 la mode et aux v\u00eatements. D\u00e9couvrez des astuces, des tendances et des inspirations pour parfaire votre look.\" \/>\n<meta name=\"robots\" content=\"index, follow, max-snippet:-1, max-image-preview:large, max-video-preview:-1\" \/>\n<link rel=\"canonical\" href=\"https:\/\/enlightennext.de\/ro\/a-propos-de-nous\/\" \/>\n<meta property=\"og:locale\" content=\"ro_RO\" \/>\n<meta property=\"og:type\" content=\"article\" \/>\n<meta property=\"og:title\" content=\"\u00c0 propos de nous - enlightennext.de\" \/>\n<meta property=\"og:description\" content=\"EnlightenNext est un blog d\u00e9di\u00e9 \u00e0 la mode et aux v\u00eatements. D\u00e9couvrez des astuces, des tendances et des inspirations pour parfaire votre look.\" \/>\n<meta property=\"og:url\" content=\"https:\/\/enlightennext.de\/ro\/a-propos-de-nous\/\" \/>\n<meta property=\"og:site_name\" content=\"enlightennext.de\" \/>\n<meta property=\"article:modified_time\" content=\"2025-02-07T14:19:53+00:00\" \/>\n<meta property=\"og:image\" content=\"https:\/\/enlightennext.de\/wp-content\/uploads\/2025\/02\/stylish-beautiful-girl-in-fashionable-outerwear-stands-near-the-wall.jpg\" \/>\n<meta name=\"twitter:card\" content=\"summary_large_image\" \/>\n<meta name=\"twitter:label1\" content=\"Timp estimat pentru citire\" \/>\n\t<meta name=\"twitter:data1\" content=\"2 minute\" \/>\n<script type=\"application\/ld+json\" class=\"yoast-schema-graph\">{\"@context\":\"https:\/\/schema.org\",\"@graph\":[{\"@type\":\"WebPage\",\"@id\":\"https:\/\/enlightennext.de\/a-propos-de-nous\/\",\"url\":\"https:\/\/enlightennext.de\/a-propos-de-nous\/\",\"name\":\"\u00c0 propos de nous - enlightennext.de\",\"isPartOf\":{\"@id\":\"https:\/\/enlightennext.de\/#website\"},\"primaryImageOfPage\":{\"@id\":\"https:\/\/enlightennext.de\/a-propos-de-nous\/#primaryimage\"},\"image\":{\"@id\":\"https:\/\/enlightennext.de\/a-propos-de-nous\/#primaryimage\"},\"thumbnailUrl\":\"https:\/\/enlightennext.de\/wp-content\/uploads\/2025\/02\/stylish-beautiful-girl-in-fashionable-outerwear-stands-near-the-wall.jpg\",\"datePublished\":\"2025-02-07T09:23:04+00:00\",\"dateModified\":\"2025-02-07T14:19:53+00:00\",\"description\":\"EnlightenNext est un blog d\u00e9di\u00e9 \u00e0 la mode et aux v\u00eatements. D\u00e9couvrez des astuces, des tendances et des inspirations pour parfaire votre look.\",\"breadcrumb\":{\"@id\":\"https:\/\/enlightennext.de\/a-propos-de-nous\/#breadcrumb\"},\"inLanguage\":\"ro-RO\",\"potentialAction\":[{\"@type\":\"ReadAction\",\"target\":[\"https:\/\/enlightennext.de\/a-propos-de-nous\/\"]}]},{\"@type\":\"ImageObject\",\"inLanguage\":\"ro-RO\",\"@id\":\"https:\/\/enlightennext.de\/a-propos-de-nous\/#primaryimage\",\"url\":\"https:\/\/enlightennext.de\/wp-content\/uploads\/2025\/02\/stylish-beautiful-girl-in-fashionable-outerwear-stands-near-the-wall.jpg\",\"contentUrl\":\"https:\/\/enlightennext.de\/wp-content\/uploads\/2025\/02\/stylish-beautiful-girl-in-fashionable-outerwear-stands-near-the-wall.jpg\"},{\"@type\":\"BreadcrumbList\",\"@id\":\"https:\/\/enlightennext.de\/a-propos-de-nous\/#breadcrumb\",\"itemListElement\":[{\"@type\":\"ListItem\",\"position\":1,\"name\":\"Home\",\"item\":\"https:\/\/enlightennext.de\/\"},{\"@type\":\"ListItem\",\"position\":2,\"name\":\"\u00c0 propos de nous\"}]},{\"@type\":\"WebSite\",\"@id\":\"https:\/\/enlightennext.de\/#website\",\"url\":\"https:\/\/enlightennext.de\/\",\"name\":\"enlightennext.de\",\"description\":\"Secrets de Style: D\u00e9couvrez comment cr\u00e9er des tenues harmonieuses et modernes\",\"potentialAction\":[{\"@type\":\"SearchAction\",\"target\":{\"@type\":\"EntryPoint\",\"urlTemplate\":\"https:\/\/enlightennext.de\/?s={search_term_string}\"},\"query-input\":\"required name=search_term_string\"}],\"inLanguage\":\"ro-RO\"}]}<\/script>\n<!-- \/ Yoast SEO plugin. -->","yoast_head_json":{"title":"\u00c0 propos de nous - enlightennext.de","description":"EnlightenNext est un blog d\u00e9di\u00e9 \u00e0 la mode et aux v\u00eatements. D\u00e9couvrez des astuces, des tendances et des inspirations pour parfaire votre look.","robots":{"index":"index","follow":"follow","max-snippet":"max-snippet:-1","max-image-preview":"max-image-preview:large","max-video-preview":"max-video-preview:-1"},"canonical":"https:\/\/enlightennext.de\/ro\/a-propos-de-nous\/","og_locale":"ro_RO","og_type":"article","og_title":"\u00c0 propos de nous - enlightennext.de","og_description":"EnlightenNext est un blog d\u00e9di\u00e9 \u00e0 la mode et aux v\u00eatements. D\u00e9couvrez des astuces, des tendances et des inspirations pour parfaire votre look.","og_url":"https:\/\/enlightennext.de\/ro\/a-propos-de-nous\/","og_site_name":"enlightennext.de","article_modified_time":"2025-02-07T14:19:53+00:00","og_image":[{"url":"https:\/\/enlightennext.de\/wp-content\/uploads\/2025\/02\/stylish-beautiful-girl-in-fashionable-outerwear-stands-near-the-wall.jpg"}],"twitter_card":"summary_large_image","twitter_misc":{"Timp estimat pentru citire":"2 minute"},"schema":{"@context":"https:\/\/schema.org","@graph":[{"@type":"WebPage","@id":"https:\/\/enlightennext.de\/a-propos-de-nous\/","url":"https:\/\/enlightennext.de\/a-propos-de-nous\/","name":"\u00c0 propos de nous - enlightennext.de","isPartOf":{"@id":"https:\/\/enlightennext.de\/#website"},"primaryImageOfPage":{"@id":"https:\/\/enlightennext.de\/a-propos-de-nous\/#primaryimage"},"image":{"@id":"https:\/\/enlightennext.de\/a-propos-de-nous\/#primaryimage"},"thumbnailUrl":"https:\/\/enlightennext.de\/wp-content\/uploads\/2025\/02\/stylish-beautiful-girl-in-fashionable-outerwear-stands-near-the-wall.jpg","datePublished":"2025-02-07T09:23:04+00:00","dateModified":"2025-02-07T14:19:53+00:00","description":"EnlightenNext est un blog d\u00e9di\u00e9 \u00e0 la mode et aux v\u00eatements. D\u00e9couvrez des astuces, des tendances et des inspirations pour parfaire votre look.","breadcrumb":{"@id":"https:\/\/enlightennext.de\/a-propos-de-nous\/#breadcrumb"},"inLanguage":"ro-RO","potentialAction":[{"@type":"ReadAction","target":["https:\/\/enlightennext.de\/a-propos-de-nous\/"]}]},{"@type":"ImageObject","inLanguage":"ro-RO","@id":"https:\/\/enlightennext.de\/a-propos-de-nous\/#primaryimage","url":"https:\/\/enlightennext.de\/wp-content\/uploads\/2025\/02\/stylish-beautiful-girl-in-fashionable-outerwear-stands-near-the-wall.jpg","contentUrl":"https:\/\/enlightennext.de\/wp-content\/uploads\/2025\/02\/stylish-beautiful-girl-in-fashionable-outerwear-stands-near-the-wall.jpg"},{"@type":"BreadcrumbList","@id":"https:\/\/enlightennext.de\/a-propos-de-nous\/#breadcrumb","itemListElement":[{"@type":"ListItem","position":1,"name":"Home","item":"https:\/\/enlightennext.de\/"},{"@type":"ListItem","position":2,"name":"\u00c0 propos de nous"}]},{"@type":"WebSite","@id":"https:\/\/enlightennext.de\/#website","url":"https:\/\/enlightennext.de\/","name":"enlightennext.de","description":"Secrets de Style: D\u00e9couvrez comment cr\u00e9er des tenues harmonieuses et modernes","potentialAction":[{"@type":"SearchAction","target":{"@type":"EntryPoint","urlTemplate":"https:\/\/enlightennext.de\/?s={search_term_string}"},"query-input":"required name=search_term_string"}],"inLanguage":"ro-RO"}]}},"yoast_meta":{"yoast_wpseo_title":"","yoast_wpseo_metadesc":"","yoast_wpseo_canonical":"https:\/\/enlightennext.de\/ro\/wp-json\/wp\/v2\/pages\/37"},"_links":{"self":[{"href":"https:\/\/enlightennext.de\/ro\/wp-json\/wp\/v2\/pages\/37","targetHints":{"allow":["GET"]}}],"collection":[{"href":"https:\/\/enlightennext.de\/ro\/wp-json\/wp\/v2\/pages"}],"about":[{"href":"https:\/\/enlightennext.de\/ro\/wp-json\/wp\/v2\/types\/page"}],"author":[{"embeddable":true,"href":"https:\/\/enlightennext.de\/ro\/wp-json\/wp\/v2\/users\/1"}],"replies":[{"embeddable":true,"href":"https:\/\/enlightennext.de\/ro\/wp-json\/wp\/v2\/comments?post=37"}],"version-history":[{"count":1,"href":"https:\/\/enlightennext.de\/ro\/wp-json\/wp\/v2\/pages\/37\/revisions"}],"predecessor-version":[{"id":42,"href":"https:\/\/enlightennext.de\/ro\/wp-json\/wp\/v2\/pages\/37\/revisions\/42"}],"wp:attachment":[{"href":"https:\/\/enlightennext.de\/ro\/wp-json\/wp\/v2\/media?parent=37"}],"curies":[{"name":"wp","href":"https:\/\/api.w.org\/{rel}","templated":true}]}}